{"id":7,"date":"2022-12-23T04:02:04","date_gmt":"2022-12-23T04:02:04","guid":{"rendered":"http:\/\/aiainsurancegroup.com\/es\/?page_id=7"},"modified":"2022-12-24T04:16:41","modified_gmt":"2022-12-24T04:16:41","slug":"planes-dentales","status":"publish","type":"page","link":"https:\/\/aiainsurancegroup.com\/es\/seguros-de-salud\/planes-dentales\/","title":{"rendered":"Planes Dentales"},"content":{"rendered":"\n<p>El plan dental se enfoca en la prevenci\u00f3n, el mantenimiento y la accesibilidad de la salud bucal a una atenci\u00f3n dental asequible y de calidad. Este compromiso se refleja al proporcionar a los miembros acceso a procedimientos de atenci\u00f3n dental preventiva gratuitos. Nuestros planes dentales integrales brindan atenci\u00f3n preventiva, as\u00ed como restauraci\u00f3n, diagn\u00f3stico, radiograf\u00edas y atenci\u00f3n periodontal.<\/p>\n\n\n\n<p>No hay deducibles, m\u00e1ximos anuales ni per\u00edodos de espera.<\/p>\n\n\n\n<p>Cada plan viene con un programa de beneficios que detalla completamente los procedimientos y costos cubiertos.<\/p>\n\n\n\n<p>Nuestros planes dentales cubren todas las condiciones preexistentes.<\/p>\n\n\n\n<p>Tenemos una de las redes m\u00e1s grandes de proveedores dentales en Florida.<\/p>\n\n\n\n<p>Inscr\u00edbase hoy y vea a un dentista ma\u00f1ana.<\/p>\n\n\n\n<pre class=\"wp-block-code\"><code>                              DIAGN\u00d3STICO<\/code><\/pre>\n\n\n\n<p>Evaluaci\u00f3n oral peri\u00f3dica gratuita<\/p>\n\n\n\n<p>Evaluaci\u00f3n oral detallada gratuita<\/p>\n\n\n\n<pre class=\"wp-block-code\"><code>                            Rayos X<\/code><\/pre>\n\n\n\n<p>Serie completa intraoral gratuita, una vez cada 3 a\u00f1os.<\/p>\n\n\n\n<p>Primera pel\u00edcula periapical libre.<\/p>\n\n\n\n<p>Libre periapical cada pel\u00edcula adicional.<\/p>\n\n\n\n<p>Mordida gratis, pel\u00edcula \u00fanica, una vez al a\u00f1o.<\/p>\n\n\n\n<p>Bitwing gratuito, dos pel\u00edculas, una vez al a\u00f1o.<\/p>\n\n\n\n<p>Bitwing gratuito, cuatro pel\u00edculas, una vez al a\u00f1o.<\/p>\n\n\n\n<p>Pel\u00edcula panor\u00e1mica gratis una vez cada 3 a\u00f1os.<\/p>\n\n\n\n<p>Prueba libre de vitalidad pulpar.<\/p>\n\n\n\n<p>Molde de diagn\u00f3stico gratuito<\/p>\n\n\n\n<pre class=\"wp-block-code\"><code>                        Preventivo<\/code><\/pre>\n\n\n\n<p>Profilaxis rutinaria gratuita para adultos una vez cada 6 meses.<\/p>\n\n\n\n<p>Profilaxis infantil de rutina gratuita una vez cada 6 meses.<\/p>\n\n\n\n<p>Aplicaci\u00f3n t\u00f3pica gratuita de fl\u00faor (ni\u00f1o).<\/p>\n\n\n\n<pre class=\"wp-block-code\"><code>                       RESTAURATIVO<\/code><\/pre>\n\n\n\n<p>Amalgama gratis hasta 4 superficies<\/p>\n\n\n\n<pre class=\"wp-block-code\"><code>                     SERVICIOS GENERALES ADJUNTOS<\/code><\/pre>\n\n\n\n<p>Anestesia local gratis<\/p>\n","protected":false},"excerpt":{"rendered":"<p>El plan dental se enfoca en la prevenci\u00f3n, el mantenimiento y la accesibilidad de la salud bucal a una atenci\u00f3n dental asequible y de calidad. Este compromiso se refleja al proporcionar a los miembros acceso a procedimientos de atenci\u00f3n dental preventiva gratuitos. Nuestros planes dentales integrales brindan atenci\u00f3n preventiva, as\u00ed como restauraci\u00f3n, diagn\u00f3stico, radiograf\u00edas y [&hellip;]<\/p>\n","protected":false},"author":3,"featured_media":0,"parent":5,"menu_order":0,"comment_status":"closed","ping_status":"closed","template":"","meta":{"footnotes":""},"class_list":["post-7","page","type-page","status-publish","hentry"],"yoast_head":"<!-- This site is optimized with the Yoast SEO plugin v19.13 - https:\/\/yoast.com\/wordpress\/plugins\/seo\/ -->\n<title>Planes Dentales - AIA Insurance Group<\/title>\n<meta name=\"description\" content=\"Todos nuestros planes para miembros le brindan acceso a atenci\u00f3n dental de calidad. Por solo $15 m\u00e1s al mes, puede obtener a\u00fan m\u00e1s ahorros con nuestro Plan Dental Plus.\" \/>\n<meta name=\"robots\" content=\"index, follow, max-snippet:-1, max-image-preview:large, max-video-preview:-1\" \/>\n<link rel=\"canonical\" href=\"https:\/\/aiainsurancegroup.com\/es\/seguros-de-salud\/planes-dentales\/\" \/>\n<meta property=\"og:locale\" content=\"es_ES\" \/>\n<meta property=\"og:type\" content=\"article\" \/>\n<meta property=\"og:title\" content=\"Planes Dentales - AIA Insurance Group\" \/>\n<meta property=\"og:description\" content=\"Todos nuestros planes para miembros le brindan acceso a atenci\u00f3n dental de calidad. Por solo $15 m\u00e1s al mes, puede obtener a\u00fan m\u00e1s ahorros con nuestro Plan Dental Plus.\" \/>\n<meta property=\"og:url\" content=\"https:\/\/aiainsurancegroup.com\/es\/seguros-de-salud\/planes-dentales\/\" \/>\n<meta property=\"og:site_name\" content=\"AIA Insurance Group\" \/>\n<meta property=\"article:publisher\" content=\"https:\/\/www.facebook.com\/aiainsurancegroup\/\" \/>\n<meta property=\"article:modified_time\" content=\"2022-12-24T04:16:41+00:00\" \/>\n<meta name=\"twitter:card\" content=\"summary_large_image\" \/>\n<meta name=\"twitter:label1\" content=\"Tiempo de lectura\" \/>\n\t<meta name=\"twitter:data1\" content=\"2 minutos\" \/>\n<script type=\"application\/ld+json\" class=\"yoast-schema-graph\">{\"@context\":\"https:\/\/schema.org\",\"@graph\":[{\"@type\":\"WebPage\",\"@id\":\"https:\/\/aiainsurancegroup.com\/es\/seguros-de-salud\/planes-dentales\/\",\"url\":\"https:\/\/aiainsurancegroup.com\/es\/seguros-de-salud\/planes-dentales\/\",\"name\":\"Planes Dentales - AIA Insurance Group\",\"isPartOf\":{\"@id\":\"https:\/\/aiainsurancegroup.com\/es\/#website\"},\"datePublished\":\"2022-12-23T04:02:04+00:00\",\"dateModified\":\"2022-12-24T04:16:41+00:00\",\"description\":\"Todos nuestros planes para miembros le brindan acceso a atenci\u00f3n dental de calidad. Por solo $15 m\u00e1s al mes, puede obtener a\u00fan m\u00e1s ahorros con nuestro Plan Dental Plus.\",\"breadcrumb\":{\"@id\":\"https:\/\/aiainsurancegroup.com\/es\/seguros-de-salud\/planes-dentales\/#breadcrumb\"},\"inLanguage\":\"es\",\"potentialAction\":[{\"@type\":\"ReadAction\",\"target\":[\"https:\/\/aiainsurancegroup.com\/es\/seguros-de-salud\/planes-dentales\/\"]}]},{\"@type\":\"BreadcrumbList\",\"@id\":\"https:\/\/aiainsurancegroup.com\/es\/seguros-de-salud\/planes-dentales\/#breadcrumb\",\"itemListElement\":[{\"@type\":\"ListItem\",\"position\":1,\"name\":\"Home\",\"item\":\"https:\/\/aiainsurancegroup.com\/es\/\"},{\"@type\":\"ListItem\",\"position\":2,\"name\":\"Seguros de Salud\",\"item\":\"https:\/\/aiainsurancegroup.com\/es\/\"},{\"@type\":\"ListItem\",\"position\":3,\"name\":\"Planes Dentales\"}]},{\"@type\":\"WebSite\",\"@id\":\"https:\/\/aiainsurancegroup.com\/es\/#website\",\"url\":\"https:\/\/aiainsurancegroup.com\/es\/\",\"name\":\"https:\/\/aiainsurancegroup.com\/\",\"description\":\"Seguros de Salud\",\"publisher\":{\"@id\":\"https:\/\/aiainsurancegroup.com\/es\/#organization\"},\"potentialAction\":[{\"@type\":\"SearchAction\",\"target\":{\"@type\":\"EntryPoint\",\"urlTemplate\":\"https:\/\/aiainsurancegroup.com\/es\/?s={search_term_string}\"},\"query-input\":\"required name=search_term_string\"}],\"inLanguage\":\"es\"},{\"@type\":\"Organization\",\"@id\":\"https:\/\/aiainsurancegroup.com\/es\/#organization\",\"name\":\"AIA Insurance Group\",\"url\":\"https:\/\/aiainsurancegroup.com\/es\/\",\"logo\":{\"@type\":\"ImageObject\",\"inLanguage\":\"es\",\"@id\":\"https:\/\/aiainsurancegroup.com\/es\/#\/schema\/logo\/image\/\",\"url\":\"https:\/\/aiainsurancegroup.com\/es\/wp-content\/uploads\/sites\/2\/2022\/12\/onlinelogomaker-071819-2359-9734-500.jpg\",\"contentUrl\":\"https:\/\/aiainsurancegroup.com\/es\/wp-content\/uploads\/sites\/2\/2022\/12\/onlinelogomaker-071819-2359-9734-500.jpg\",\"width\":570,\"height\":210,\"caption\":\"AIA Insurance Group\"},\"image\":{\"@id\":\"https:\/\/aiainsurancegroup.com\/es\/#\/schema\/logo\/image\/\"},\"sameAs\":[\"https:\/\/www.facebook.com\/aiainsurancegroup\/\"]}]}<\/script>\n<!-- \/ Yoast SEO plugin. -->","yoast_head_json":{"title":"Planes Dentales - AIA Insurance Group","description":"Todos nuestros planes para miembros le brindan acceso a atenci\u00f3n dental de calidad. Por solo $15 m\u00e1s al mes, puede obtener a\u00fan m\u00e1s ahorros con nuestro Plan Dental Plus.","robots":{"index":"index","follow":"follow","max-snippet":"max-snippet:-1","max-image-preview":"max-image-preview:large","max-video-preview":"max-video-preview:-1"},"canonical":"https:\/\/aiainsurancegroup.com\/es\/seguros-de-salud\/planes-dentales\/","og_locale":"es_ES","og_type":"article","og_title":"Planes Dentales - AIA Insurance Group","og_description":"Todos nuestros planes para miembros le brindan acceso a atenci\u00f3n dental de calidad. Por solo $15 m\u00e1s al mes, puede obtener a\u00fan m\u00e1s ahorros con nuestro Plan Dental Plus.","og_url":"https:\/\/aiainsurancegroup.com\/es\/seguros-de-salud\/planes-dentales\/","og_site_name":"AIA Insurance Group","article_publisher":"https:\/\/www.facebook.com\/aiainsurancegroup\/","article_modified_time":"2022-12-24T04:16:41+00:00","twitter_card":"summary_large_image","twitter_misc":{"Tiempo de lectura":"2 minutos"},"schema":{"@context":"https:\/\/schema.org","@graph":[{"@type":"WebPage","@id":"https:\/\/aiainsurancegroup.com\/es\/seguros-de-salud\/planes-dentales\/","url":"https:\/\/aiainsurancegroup.com\/es\/seguros-de-salud\/planes-dentales\/","name":"Planes Dentales - AIA Insurance Group","isPartOf":{"@id":"https:\/\/aiainsurancegroup.com\/es\/#website"},"datePublished":"2022-12-23T04:02:04+00:00","dateModified":"2022-12-24T04:16:41+00:00","description":"Todos nuestros planes para miembros le brindan acceso a atenci\u00f3n dental de calidad. Por solo $15 m\u00e1s al mes, puede obtener a\u00fan m\u00e1s ahorros con nuestro Plan Dental Plus.","breadcrumb":{"@id":"https:\/\/aiainsurancegroup.com\/es\/seguros-de-salud\/planes-dentales\/#breadcrumb"},"inLanguage":"es","potentialAction":[{"@type":"ReadAction","target":["https:\/\/aiainsurancegroup.com\/es\/seguros-de-salud\/planes-dentales\/"]}]},{"@type":"BreadcrumbList","@id":"https:\/\/aiainsurancegroup.com\/es\/seguros-de-salud\/planes-dentales\/#breadcrumb","itemListElement":[{"@type":"ListItem","position":1,"name":"Home","item":"https:\/\/aiainsurancegroup.com\/es\/"},{"@type":"ListItem","position":2,"name":"Seguros de Salud","item":"https:\/\/aiainsurancegroup.com\/es\/"},{"@type":"ListItem","position":3,"name":"Planes Dentales"}]},{"@type":"WebSite","@id":"https:\/\/aiainsurancegroup.com\/es\/#website","url":"https:\/\/aiainsurancegroup.com\/es\/","name":"https:\/\/aiainsurancegroup.com\/","description":"Seguros de Salud","publisher":{"@id":"https:\/\/aiainsurancegroup.com\/es\/#organization"},"potentialAction":[{"@type":"SearchAction","target":{"@type":"EntryPoint","urlTemplate":"https:\/\/aiainsurancegroup.com\/es\/?s={search_term_string}"},"query-input":"required name=search_term_string"}],"inLanguage":"es"},{"@type":"Organization","@id":"https:\/\/aiainsurancegroup.com\/es\/#organization","name":"AIA Insurance Group","url":"https:\/\/aiainsurancegroup.com\/es\/","logo":{"@type":"ImageObject","inLanguage":"es","@id":"https:\/\/aiainsurancegroup.com\/es\/#\/schema\/logo\/image\/","url":"https:\/\/aiainsurancegroup.com\/es\/wp-content\/uploads\/sites\/2\/2022\/12\/onlinelogomaker-071819-2359-9734-500.jpg","contentUrl":"https:\/\/aiainsurancegroup.com\/es\/wp-content\/uploads\/sites\/2\/2022\/12\/onlinelogomaker-071819-2359-9734-500.jpg","width":570,"height":210,"caption":"AIA Insurance Group"},"image":{"@id":"https:\/\/aiainsurancegroup.com\/es\/#\/schema\/logo\/image\/"},"sameAs":["https:\/\/www.facebook.com\/aiainsurancegroup\/"]}]}},"_links":{"self":[{"href":"https:\/\/aiainsurancegroup.com\/es\/wp-json\/wp\/v2\/pages\/7","targetHints":{"allow":["GET"]}}],"collection":[{"href":"https:\/\/aiainsurancegroup.com\/es\/wp-json\/wp\/v2\/pages"}],"about":[{"href":"https:\/\/aiainsurancegroup.com\/es\/wp-json\/wp\/v2\/types\/page"}],"author":[{"embeddable":true,"href":"https:\/\/aiainsurancegroup.com\/es\/wp-json\/wp\/v2\/users\/3"}],"replies":[{"embeddable":true,"href":"https:\/\/aiainsurancegroup.com\/es\/wp-json\/wp\/v2\/comments?post=7"}],"version-history":[{"count":2,"href":"https:\/\/aiainsurancegroup.com\/es\/wp-json\/wp\/v2\/pages\/7\/revisions"}],"predecessor-version":[{"id":42,"href":"https:\/\/aiainsurancegroup.com\/es\/wp-json\/wp\/v2\/pages\/7\/revisions\/42"}],"up":[{"embeddable":true,"href":"https:\/\/aiainsurancegroup.com\/es\/wp-json\/wp\/v2\/pages\/5"}],"wp:attachment":[{"href":"https:\/\/aiainsurancegroup.com\/es\/wp-json\/wp\/v2\/media?parent=7"}],"curies":[{"name":"wp","href":"https:\/\/api.w.org\/{rel}","templated":true}]}}