{"id":20,"date":"2022-12-24T01:15:03","date_gmt":"2022-12-24T01:15:03","guid":{"rendered":"http:\/\/aiainsurancegroup.com\/es\/?page_id=20"},"modified":"2022-12-24T04:35:02","modified_gmt":"2022-12-24T04:35:02","slug":"planes-de-descuento-medico","status":"publish","type":"page","link":"https:\/\/aiainsurancegroup.com\/es\/seguros-de-salud\/planes-de-descuento-medico\/","title":{"rendered":"Planes de Descuento M\u00e9dico"},"content":{"rendered":"\n<p>Los planes m\u00e9dicos de descuento son mucho menos costosos que los seguros de salud, pero no brindan ninguna de las protecciones de una p\u00f3liza de seguro de salud. En cambio, simplemente les dan a los miembros un descuento en los servicios m\u00e9dicos.<\/p>\n\n\n\n<p>Los descuentos no est\u00e1n garantizados y pueden variar significativamente seg\u00fan el proveedor y el tratamiento involucrado. No hay l\u00edmite en los gastos de bolsillo con un plan de descuento y no est\u00e1n regulados por la ACA; la regulaci\u00f3n se deja a los estados en su lugar.<\/p>\n\n\n\n<p>Los planes de descuento no son adecuados para ser la \u00fanica cobertura m\u00e9dica de una persona, y no son realmente necesarios si tiene un seguro m\u00e9dico importante, ya que uno de los beneficios del seguro m\u00e9dico es el descuento incorporado que resulta de las tarifas negociadas en la red. Una tarjeta de descuento dental\/oftalmol\u00f3gica a\u00fan puede ser \u00fatil adem\u00e1s del seguro m\u00e9dico principal regular; sin embargo, los servicios dentales y oftalmol\u00f3gicos para adultos rara vez est\u00e1n cubiertos por los planes de seguro m\u00e9dico.<\/p>\n\n\n\n<p>Tener un plan de descuento (si es su \u00fanica cobertura) no cumple con la disposici\u00f3n de responsabilidad compartida de Obamacare, lo que significa que a\u00fan se le cobrar\u00e1 el pago de responsabilidad compartida a menos que est\u00e9 exento de \u00e9l.<\/p>\n","protected":false},"excerpt":{"rendered":"<p>Los planes m\u00e9dicos de descuento son mucho menos costosos que los seguros de salud, pero no brindan ninguna de las protecciones de una p\u00f3liza de seguro de salud. En cambio, simplemente les dan a los miembros un descuento en los servicios m\u00e9dicos. Los descuentos no est\u00e1n garantizados y pueden variar significativamente seg\u00fan el proveedor y [&hellip;]<\/p>\n","protected":false},"author":3,"featured_media":0,"parent":5,"menu_order":0,"comment_status":"closed","ping_status":"closed","template":"","meta":{"footnotes":""},"class_list":["post-20","page","type-page","status-publish","hentry"],"yoast_head":"<!-- This site is optimized with the Yoast SEO plugin v19.13 - https:\/\/yoast.com\/wordpress\/plugins\/seo\/ -->\n<title>Planes de Descuento M\u00e9dico - AIA Insurance Group<\/title>\n<meta name=\"description\" content=\"Planes m\u00e9dicos de descuento son mucho menos costosos que los seguros de salud, pero no brindan ninguna de las protecciones de una p\u00f3liza de seguro de salud. Simplemente les dan a los miembros un descuento en los servicios m\u00e9dicos.\" \/>\n<meta name=\"robots\" content=\"index, follow, max-snippet:-1, max-image-preview:large, max-video-preview:-1\" \/>\n<link rel=\"canonical\" href=\"https:\/\/aiainsurancegroup.com\/es\/seguros-de-salud\/planes-de-descuento-medico\/\" \/>\n<meta property=\"og:locale\" content=\"es_ES\" \/>\n<meta property=\"og:type\" content=\"article\" \/>\n<meta property=\"og:title\" content=\"Planes de Descuento M\u00e9dico - AIA Insurance Group\" \/>\n<meta property=\"og:description\" content=\"Planes m\u00e9dicos de descuento son mucho menos costosos que los seguros de salud, pero no brindan ninguna de las protecciones de una p\u00f3liza de seguro de salud. Simplemente les dan a los miembros un descuento en los servicios m\u00e9dicos.\" \/>\n<meta property=\"og:url\" content=\"https:\/\/aiainsurancegroup.com\/es\/seguros-de-salud\/planes-de-descuento-medico\/\" \/>\n<meta property=\"og:site_name\" content=\"AIA Insurance Group\" \/>\n<meta property=\"article:publisher\" content=\"https:\/\/www.facebook.com\/aiainsurancegroup\/\" \/>\n<meta property=\"article:modified_time\" content=\"2022-12-24T04:35:02+00:00\" \/>\n<meta name=\"twitter:card\" content=\"summary_large_image\" \/>\n<meta name=\"twitter:label1\" content=\"Tiempo de lectura\" \/>\n\t<meta name=\"twitter:data1\" content=\"1 minuto\" \/>\n<script type=\"application\/ld+json\" class=\"yoast-schema-graph\">{\"@context\":\"https:\/\/schema.org\",\"@graph\":[{\"@type\":\"WebPage\",\"@id\":\"https:\/\/aiainsurancegroup.com\/es\/seguros-de-salud\/planes-de-descuento-medico\/\",\"url\":\"https:\/\/aiainsurancegroup.com\/es\/seguros-de-salud\/planes-de-descuento-medico\/\",\"name\":\"Planes de Descuento M\u00e9dico - AIA Insurance Group\",\"isPartOf\":{\"@id\":\"https:\/\/aiainsurancegroup.com\/es\/#website\"},\"datePublished\":\"2022-12-24T01:15:03+00:00\",\"dateModified\":\"2022-12-24T04:35:02+00:00\",\"description\":\"Planes m\u00e9dicos de descuento son mucho menos costosos que los seguros de salud, pero no brindan ninguna de las protecciones de una p\u00f3liza de seguro de salud. Simplemente les dan a los miembros un descuento en los servicios m\u00e9dicos.\",\"breadcrumb\":{\"@id\":\"https:\/\/aiainsurancegroup.com\/es\/seguros-de-salud\/planes-de-descuento-medico\/#breadcrumb\"},\"inLanguage\":\"es\",\"potentialAction\":[{\"@type\":\"ReadAction\",\"target\":[\"https:\/\/aiainsurancegroup.com\/es\/seguros-de-salud\/planes-de-descuento-medico\/\"]}]},{\"@type\":\"BreadcrumbList\",\"@id\":\"https:\/\/aiainsurancegroup.com\/es\/seguros-de-salud\/planes-de-descuento-medico\/#breadcrumb\",\"itemListElement\":[{\"@type\":\"ListItem\",\"position\":1,\"name\":\"Home\",\"item\":\"https:\/\/aiainsurancegroup.com\/es\/\"},{\"@type\":\"ListItem\",\"position\":2,\"name\":\"Seguros de Salud\",\"item\":\"https:\/\/aiainsurancegroup.com\/es\/\"},{\"@type\":\"ListItem\",\"position\":3,\"name\":\"Planes de Descuento M\u00e9dico\"}]},{\"@type\":\"WebSite\",\"@id\":\"https:\/\/aiainsurancegroup.com\/es\/#website\",\"url\":\"https:\/\/aiainsurancegroup.com\/es\/\",\"name\":\"https:\/\/aiainsurancegroup.com\/\",\"description\":\"Seguros de Salud\",\"publisher\":{\"@id\":\"https:\/\/aiainsurancegroup.com\/es\/#organization\"},\"potentialAction\":[{\"@type\":\"SearchAction\",\"target\":{\"@type\":\"EntryPoint\",\"urlTemplate\":\"https:\/\/aiainsurancegroup.com\/es\/?s={search_term_string}\"},\"query-input\":\"required name=search_term_string\"}],\"inLanguage\":\"es\"},{\"@type\":\"Organization\",\"@id\":\"https:\/\/aiainsurancegroup.com\/es\/#organization\",\"name\":\"AIA Insurance Group\",\"url\":\"https:\/\/aiainsurancegroup.com\/es\/\",\"logo\":{\"@type\":\"ImageObject\",\"inLanguage\":\"es\",\"@id\":\"https:\/\/aiainsurancegroup.com\/es\/#\/schema\/logo\/image\/\",\"url\":\"https:\/\/aiainsurancegroup.com\/es\/wp-content\/uploads\/sites\/2\/2022\/12\/onlinelogomaker-071819-2359-9734-500.jpg\",\"contentUrl\":\"https:\/\/aiainsurancegroup.com\/es\/wp-content\/uploads\/sites\/2\/2022\/12\/onlinelogomaker-071819-2359-9734-500.jpg\",\"width\":570,\"height\":210,\"caption\":\"AIA Insurance Group\"},\"image\":{\"@id\":\"https:\/\/aiainsurancegroup.com\/es\/#\/schema\/logo\/image\/\"},\"sameAs\":[\"https:\/\/www.facebook.com\/aiainsurancegroup\/\"]}]}<\/script>\n<!-- \/ Yoast SEO plugin. -->","yoast_head_json":{"title":"Planes de Descuento M\u00e9dico - AIA Insurance Group","description":"Planes m\u00e9dicos de descuento son mucho menos costosos que los seguros de salud, pero no brindan ninguna de las protecciones de una p\u00f3liza de seguro de salud. Simplemente les dan a los miembros un descuento en los servicios m\u00e9dicos.","robots":{"index":"index","follow":"follow","max-snippet":"max-snippet:-1","max-image-preview":"max-image-preview:large","max-video-preview":"max-video-preview:-1"},"canonical":"https:\/\/aiainsurancegroup.com\/es\/seguros-de-salud\/planes-de-descuento-medico\/","og_locale":"es_ES","og_type":"article","og_title":"Planes de Descuento M\u00e9dico - AIA Insurance Group","og_description":"Planes m\u00e9dicos de descuento son mucho menos costosos que los seguros de salud, pero no brindan ninguna de las protecciones de una p\u00f3liza de seguro de salud. Simplemente les dan a los miembros un descuento en los servicios m\u00e9dicos.","og_url":"https:\/\/aiainsurancegroup.com\/es\/seguros-de-salud\/planes-de-descuento-medico\/","og_site_name":"AIA Insurance Group","article_publisher":"https:\/\/www.facebook.com\/aiainsurancegroup\/","article_modified_time":"2022-12-24T04:35:02+00:00","twitter_card":"summary_large_image","twitter_misc":{"Tiempo de lectura":"1 minuto"},"schema":{"@context":"https:\/\/schema.org","@graph":[{"@type":"WebPage","@id":"https:\/\/aiainsurancegroup.com\/es\/seguros-de-salud\/planes-de-descuento-medico\/","url":"https:\/\/aiainsurancegroup.com\/es\/seguros-de-salud\/planes-de-descuento-medico\/","name":"Planes de Descuento M\u00e9dico - AIA Insurance Group","isPartOf":{"@id":"https:\/\/aiainsurancegroup.com\/es\/#website"},"datePublished":"2022-12-24T01:15:03+00:00","dateModified":"2022-12-24T04:35:02+00:00","description":"Planes m\u00e9dicos de descuento son mucho menos costosos que los seguros de salud, pero no brindan ninguna de las protecciones de una p\u00f3liza de seguro de salud. Simplemente les dan a los miembros un descuento en los servicios m\u00e9dicos.","breadcrumb":{"@id":"https:\/\/aiainsurancegroup.com\/es\/seguros-de-salud\/planes-de-descuento-medico\/#breadcrumb"},"inLanguage":"es","potentialAction":[{"@type":"ReadAction","target":["https:\/\/aiainsurancegroup.com\/es\/seguros-de-salud\/planes-de-descuento-medico\/"]}]},{"@type":"BreadcrumbList","@id":"https:\/\/aiainsurancegroup.com\/es\/seguros-de-salud\/planes-de-descuento-medico\/#breadcrumb","itemListElement":[{"@type":"ListItem","position":1,"name":"Home","item":"https:\/\/aiainsurancegroup.com\/es\/"},{"@type":"ListItem","position":2,"name":"Seguros de Salud","item":"https:\/\/aiainsurancegroup.com\/es\/"},{"@type":"ListItem","position":3,"name":"Planes de Descuento M\u00e9dico"}]},{"@type":"WebSite","@id":"https:\/\/aiainsurancegroup.com\/es\/#website","url":"https:\/\/aiainsurancegroup.com\/es\/","name":"https:\/\/aiainsurancegroup.com\/","description":"Seguros de Salud","publisher":{"@id":"https:\/\/aiainsurancegroup.com\/es\/#organization"},"potentialAction":[{"@type":"SearchAction","target":{"@type":"EntryPoint","urlTemplate":"https:\/\/aiainsurancegroup.com\/es\/?s={search_term_string}"},"query-input":"required name=search_term_string"}],"inLanguage":"es"},{"@type":"Organization","@id":"https:\/\/aiainsurancegroup.com\/es\/#organization","name":"AIA Insurance Group","url":"https:\/\/aiainsurancegroup.com\/es\/","logo":{"@type":"ImageObject","inLanguage":"es","@id":"https:\/\/aiainsurancegroup.com\/es\/#\/schema\/logo\/image\/","url":"https:\/\/aiainsurancegroup.com\/es\/wp-content\/uploads\/sites\/2\/2022\/12\/onlinelogomaker-071819-2359-9734-500.jpg","contentUrl":"https:\/\/aiainsurancegroup.com\/es\/wp-content\/uploads\/sites\/2\/2022\/12\/onlinelogomaker-071819-2359-9734-500.jpg","width":570,"height":210,"caption":"AIA Insurance Group"},"image":{"@id":"https:\/\/aiainsurancegroup.com\/es\/#\/schema\/logo\/image\/"},"sameAs":["https:\/\/www.facebook.com\/aiainsurancegroup\/"]}]}},"_links":{"self":[{"href":"https:\/\/aiainsurancegroup.com\/es\/wp-json\/wp\/v2\/pages\/20","targetHints":{"allow":["GET"]}}],"collection":[{"href":"https:\/\/aiainsurancegroup.com\/es\/wp-json\/wp\/v2\/pages"}],"about":[{"href":"https:\/\/aiainsurancegroup.com\/es\/wp-json\/wp\/v2\/types\/page"}],"author":[{"embeddable":true,"href":"https:\/\/aiainsurancegroup.com\/es\/wp-json\/wp\/v2\/users\/3"}],"replies":[{"embeddable":true,"href":"https:\/\/aiainsurancegroup.com\/es\/wp-json\/wp\/v2\/comments?post=20"}],"version-history":[{"count":1,"href":"https:\/\/aiainsurancegroup.com\/es\/wp-json\/wp\/v2\/pages\/20\/revisions"}],"predecessor-version":[{"id":21,"href":"https:\/\/aiainsurancegroup.com\/es\/wp-json\/wp\/v2\/pages\/20\/revisions\/21"}],"up":[{"embeddable":true,"href":"https:\/\/aiainsurancegroup.com\/es\/wp-json\/wp\/v2\/pages\/5"}],"wp:attachment":[{"href":"https:\/\/aiainsurancegroup.com\/es\/wp-json\/wp\/v2\/media?parent=20"}],"curies":[{"name":"wp","href":"https:\/\/api.w.org\/{rel}","templated":true}]}}