{"id":16,"date":"2022-12-24T01:10:00","date_gmt":"2022-12-24T01:10:00","guid":{"rendered":"http:\/\/aiainsurancegroup.com\/es\/?page_id=16"},"modified":"2022-12-24T01:10:00","modified_gmt":"2022-12-24T01:10:00","slug":"seguro-de-salud","status":"publish","type":"page","link":"https:\/\/aiainsurancegroup.com\/es\/seguros-de-salud\/seguro-de-salud\/","title":{"rendered":"Seguro de Salud"},"content":{"rendered":"\n<p><strong>Planes de salud asequibles para ahora y lo que venga despu\u00e9s<\/strong><br>Usted merece un seguro de salud que le brinde atenci\u00f3n integral, atenci\u00f3n m\u00e9dica que satisfaga sus necesidades mentales, emocionales y m\u00e9dicas, sin tener que elegir entre seguridad financiera y buena atenci\u00f3n m\u00e9dica.<\/p>\n\n\n\n<p>Ofrecemos planes de seguro de salud asequibles en Florida para ayudarlo a satisfacer sus necesidades ahora para que pueda alcanzar lo que sea que est\u00e9 por venir.<\/p>\n","protected":false},"excerpt":{"rendered":"<p>Planes de salud asequibles para ahora y lo que venga despu\u00e9sUsted merece un seguro de salud que le brinde atenci\u00f3n integral, atenci\u00f3n m\u00e9dica que satisfaga sus necesidades mentales, emocionales y m\u00e9dicas, sin tener que elegir entre seguridad financiera y buena atenci\u00f3n m\u00e9dica. Ofrecemos planes de seguro de salud asequibles en Florida para ayudarlo a satisfacer [&hellip;]<\/p>\n","protected":false},"author":3,"featured_media":0,"parent":5,"menu_order":0,"comment_status":"closed","ping_status":"closed","template":"","meta":{"footnotes":""},"class_list":["post-16","page","type-page","status-publish","hentry"],"yoast_head":"<!-- This site is optimized with the Yoast SEO plugin v19.13 - https:\/\/yoast.com\/wordpress\/plugins\/seo\/ -->\n<title>Seguro de Salud - AIA Insurance Group<\/title>\n<meta name=\"description\" content=\"Ofrecemos planes de seguro de salud asequibles en Florida para ayudarlo a satisfacer sus necesidades ahora para que pueda alcanzar lo que sea que est\u00e9 por venir.\" \/>\n<meta name=\"robots\" content=\"index, follow, max-snippet:-1, max-image-preview:large, max-video-preview:-1\" \/>\n<link rel=\"canonical\" href=\"https:\/\/aiainsurancegroup.com\/es\/seguros-de-salud\/seguro-de-salud\/\" \/>\n<meta property=\"og:locale\" content=\"es_ES\" \/>\n<meta property=\"og:type\" content=\"article\" \/>\n<meta property=\"og:title\" content=\"Seguro de Salud - AIA Insurance Group\" \/>\n<meta property=\"og:description\" content=\"Ofrecemos planes de seguro de salud asequibles en Florida para ayudarlo a satisfacer sus necesidades ahora para que pueda alcanzar lo que sea que est\u00e9 por venir.\" \/>\n<meta property=\"og:url\" content=\"https:\/\/aiainsurancegroup.com\/es\/seguros-de-salud\/seguro-de-salud\/\" \/>\n<meta property=\"og:site_name\" content=\"AIA Insurance Group\" \/>\n<meta property=\"article:publisher\" content=\"https:\/\/www.facebook.com\/aiainsurancegroup\/\" \/>\n<meta name=\"twitter:card\" content=\"summary_large_image\" \/>\n<meta name=\"twitter:label1\" content=\"Tiempo de lectura\" \/>\n\t<meta name=\"twitter:data1\" content=\"1 minuto\" \/>\n<script type=\"application\/ld+json\" class=\"yoast-schema-graph\">{\"@context\":\"https:\/\/schema.org\",\"@graph\":[{\"@type\":\"WebPage\",\"@id\":\"https:\/\/aiainsurancegroup.com\/es\/seguros-de-salud\/seguro-de-salud\/\",\"url\":\"https:\/\/aiainsurancegroup.com\/es\/seguros-de-salud\/seguro-de-salud\/\",\"name\":\"Seguro de Salud - AIA Insurance Group\",\"isPartOf\":{\"@id\":\"https:\/\/aiainsurancegroup.com\/es\/#website\"},\"datePublished\":\"2022-12-24T01:10:00+00:00\",\"dateModified\":\"2022-12-24T01:10:00+00:00\",\"description\":\"Ofrecemos planes de seguro de salud asequibles en Florida para ayudarlo a satisfacer sus necesidades ahora para que pueda alcanzar lo que sea que est\u00e9 por venir.\",\"breadcrumb\":{\"@id\":\"https:\/\/aiainsurancegroup.com\/es\/seguros-de-salud\/seguro-de-salud\/#breadcrumb\"},\"inLanguage\":\"es\",\"potentialAction\":[{\"@type\":\"ReadAction\",\"target\":[\"https:\/\/aiainsurancegroup.com\/es\/seguros-de-salud\/seguro-de-salud\/\"]}]},{\"@type\":\"BreadcrumbList\",\"@id\":\"https:\/\/aiainsurancegroup.com\/es\/seguros-de-salud\/seguro-de-salud\/#breadcrumb\",\"itemListElement\":[{\"@type\":\"ListItem\",\"position\":1,\"name\":\"Home\",\"item\":\"https:\/\/aiainsurancegroup.com\/es\/\"},{\"@type\":\"ListItem\",\"position\":2,\"name\":\"Seguros de Salud\",\"item\":\"https:\/\/aiainsurancegroup.com\/es\/\"},{\"@type\":\"ListItem\",\"position\":3,\"name\":\"Seguro de Salud\"}]},{\"@type\":\"WebSite\",\"@id\":\"https:\/\/aiainsurancegroup.com\/es\/#website\",\"url\":\"https:\/\/aiainsurancegroup.com\/es\/\",\"name\":\"https:\/\/aiainsurancegroup.com\/\",\"description\":\"Seguros de Salud\",\"publisher\":{\"@id\":\"https:\/\/aiainsurancegroup.com\/es\/#organization\"},\"potentialAction\":[{\"@type\":\"SearchAction\",\"target\":{\"@type\":\"EntryPoint\",\"urlTemplate\":\"https:\/\/aiainsurancegroup.com\/es\/?s={search_term_string}\"},\"query-input\":\"required name=search_term_string\"}],\"inLanguage\":\"es\"},{\"@type\":\"Organization\",\"@id\":\"https:\/\/aiainsurancegroup.com\/es\/#organization\",\"name\":\"AIA Insurance Group\",\"url\":\"https:\/\/aiainsurancegroup.com\/es\/\",\"logo\":{\"@type\":\"ImageObject\",\"inLanguage\":\"es\",\"@id\":\"https:\/\/aiainsurancegroup.com\/es\/#\/schema\/logo\/image\/\",\"url\":\"https:\/\/aiainsurancegroup.com\/es\/wp-content\/uploads\/sites\/2\/2022\/12\/onlinelogomaker-071819-2359-9734-500.jpg\",\"contentUrl\":\"https:\/\/aiainsurancegroup.com\/es\/wp-content\/uploads\/sites\/2\/2022\/12\/onlinelogomaker-071819-2359-9734-500.jpg\",\"width\":570,\"height\":210,\"caption\":\"AIA Insurance Group\"},\"image\":{\"@id\":\"https:\/\/aiainsurancegroup.com\/es\/#\/schema\/logo\/image\/\"},\"sameAs\":[\"https:\/\/www.facebook.com\/aiainsurancegroup\/\"]}]}<\/script>\n<!-- \/ Yoast SEO plugin. -->","yoast_head_json":{"title":"Seguro de Salud - AIA Insurance Group","description":"Ofrecemos planes de seguro de salud asequibles en Florida para ayudarlo a satisfacer sus necesidades ahora para que pueda alcanzar lo que sea que est\u00e9 por venir.","robots":{"index":"index","follow":"follow","max-snippet":"max-snippet:-1","max-image-preview":"max-image-preview:large","max-video-preview":"max-video-preview:-1"},"canonical":"https:\/\/aiainsurancegroup.com\/es\/seguros-de-salud\/seguro-de-salud\/","og_locale":"es_ES","og_type":"article","og_title":"Seguro de Salud - AIA Insurance Group","og_description":"Ofrecemos planes de seguro de salud asequibles en Florida para ayudarlo a satisfacer sus necesidades ahora para que pueda alcanzar lo que sea que est\u00e9 por venir.","og_url":"https:\/\/aiainsurancegroup.com\/es\/seguros-de-salud\/seguro-de-salud\/","og_site_name":"AIA Insurance Group","article_publisher":"https:\/\/www.facebook.com\/aiainsurancegroup\/","twitter_card":"summary_large_image","twitter_misc":{"Tiempo de lectura":"1 minuto"},"schema":{"@context":"https:\/\/schema.org","@graph":[{"@type":"WebPage","@id":"https:\/\/aiainsurancegroup.com\/es\/seguros-de-salud\/seguro-de-salud\/","url":"https:\/\/aiainsurancegroup.com\/es\/seguros-de-salud\/seguro-de-salud\/","name":"Seguro de Salud - AIA Insurance Group","isPartOf":{"@id":"https:\/\/aiainsurancegroup.com\/es\/#website"},"datePublished":"2022-12-24T01:10:00+00:00","dateModified":"2022-12-24T01:10:00+00:00","description":"Ofrecemos planes de seguro de salud asequibles en Florida para ayudarlo a satisfacer sus necesidades ahora para que pueda alcanzar lo que sea que est\u00e9 por venir.","breadcrumb":{"@id":"https:\/\/aiainsurancegroup.com\/es\/seguros-de-salud\/seguro-de-salud\/#breadcrumb"},"inLanguage":"es","potentialAction":[{"@type":"ReadAction","target":["https:\/\/aiainsurancegroup.com\/es\/seguros-de-salud\/seguro-de-salud\/"]}]},{"@type":"BreadcrumbList","@id":"https:\/\/aiainsurancegroup.com\/es\/seguros-de-salud\/seguro-de-salud\/#breadcrumb","itemListElement":[{"@type":"ListItem","position":1,"name":"Home","item":"https:\/\/aiainsurancegroup.com\/es\/"},{"@type":"ListItem","position":2,"name":"Seguros de Salud","item":"https:\/\/aiainsurancegroup.com\/es\/"},{"@type":"ListItem","position":3,"name":"Seguro de Salud"}]},{"@type":"WebSite","@id":"https:\/\/aiainsurancegroup.com\/es\/#website","url":"https:\/\/aiainsurancegroup.com\/es\/","name":"https:\/\/aiainsurancegroup.com\/","description":"Seguros de Salud","publisher":{"@id":"https:\/\/aiainsurancegroup.com\/es\/#organization"},"potentialAction":[{"@type":"SearchAction","target":{"@type":"EntryPoint","urlTemplate":"https:\/\/aiainsurancegroup.com\/es\/?s={search_term_string}"},"query-input":"required name=search_term_string"}],"inLanguage":"es"},{"@type":"Organization","@id":"https:\/\/aiainsurancegroup.com\/es\/#organization","name":"AIA Insurance Group","url":"https:\/\/aiainsurancegroup.com\/es\/","logo":{"@type":"ImageObject","inLanguage":"es","@id":"https:\/\/aiainsurancegroup.com\/es\/#\/schema\/logo\/image\/","url":"https:\/\/aiainsurancegroup.com\/es\/wp-content\/uploads\/sites\/2\/2022\/12\/onlinelogomaker-071819-2359-9734-500.jpg","contentUrl":"https:\/\/aiainsurancegroup.com\/es\/wp-content\/uploads\/sites\/2\/2022\/12\/onlinelogomaker-071819-2359-9734-500.jpg","width":570,"height":210,"caption":"AIA Insurance Group"},"image":{"@id":"https:\/\/aiainsurancegroup.com\/es\/#\/schema\/logo\/image\/"},"sameAs":["https:\/\/www.facebook.com\/aiainsurancegroup\/"]}]}},"_links":{"self":[{"href":"https:\/\/aiainsurancegroup.com\/es\/wp-json\/wp\/v2\/pages\/16","targetHints":{"allow":["GET"]}}],"collection":[{"href":"https:\/\/aiainsurancegroup.com\/es\/wp-json\/wp\/v2\/pages"}],"about":[{"href":"https:\/\/aiainsurancegroup.com\/es\/wp-json\/wp\/v2\/types\/page"}],"author":[{"embeddable":true,"href":"https:\/\/aiainsurancegroup.com\/es\/wp-json\/wp\/v2\/users\/3"}],"replies":[{"embeddable":true,"href":"https:\/\/aiainsurancegroup.com\/es\/wp-json\/wp\/v2\/comments?post=16"}],"version-history":[{"count":1,"href":"https:\/\/aiainsurancegroup.com\/es\/wp-json\/wp\/v2\/pages\/16\/revisions"}],"predecessor-version":[{"id":17,"href":"https:\/\/aiainsurancegroup.com\/es\/wp-json\/wp\/v2\/pages\/16\/revisions\/17"}],"up":[{"embeddable":true,"href":"https:\/\/aiainsurancegroup.com\/es\/wp-json\/wp\/v2\/pages\/5"}],"wp:attachment":[{"href":"https:\/\/aiainsurancegroup.com\/es\/wp-json\/wp\/v2\/media?parent=16"}],"curies":[{"name":"wp","href":"https:\/\/api.w.org\/{rel}","templated":true}]}}